{"id":8921,"date":"2023-08-29T16:14:47","date_gmt":"2023-08-29T13:14:47","guid":{"rendered":"https:\/\/www.optimalpmo.com\/?page_id=8921"},"modified":"2024-02-28T19:30:51","modified_gmt":"2024-02-28T16:30:51","slug":"videolar","status":"publish","type":"page","link":"https:\/\/optimalpmo.com\/en\/videolar\/","title":{"rendered":"Videos"},"content":{"rendered":"<section class=\"wpb-content-wrapper\"><p>[vc_row][vc_column width=&#8221;1\/3&#8243;][vc_video link=&#8221;https:\/\/www.youtube.com\/watch?v=Nemdk_i7NAY&#8221; align=&#8221;center&#8221; title=&#8221;\u0130stanbul Atat\u00fcrk Highschool&#8221;][\/vc_column][vc_column width=&#8221;1\/3&#8243;][vc_video link=&#8221;https:\/\/www.youtube.com\/watch?v=oT47dZQIQuk&amp;t=3s&#8221; align=&#8221;center&#8221; title=&#8221;Aselsan Defence Industry Compound&#8221;][\/vc_column][vc_column width=&#8221;1\/3&#8243;][vc_video link=&#8221;https:\/\/www.youtube.com\/watch?v=FlKaJO7Z_zk&#8221; align=&#8221;center&#8221; title=&#8221;112 Emergency Centre&#8221;][\/vc_column][\/vc_row][vc_row][vc_column width=&#8221;1\/3&#8243;][vc_video link=&#8221;https:\/\/www.youtube.com\/watch?v=9z-hOdwY0FE&#8221; align=&#8221;center&#8221; title=&#8221;Nurettin Teksan Middle School&#8221;][\/vc_column][vc_column width=&#8221;1\/3&#8243;][vc_video link=&#8221;https:\/\/www.youtube.com\/watch?v=uLKIQGbdNMU&#8221; align=&#8221;center&#8221; title=&#8221;Belma G\u00fcde Middle School&#8221;][\/vc_column][vc_column width=&#8221;1\/3&#8243;][vc_video link=&#8221;https:\/\/www.youtube.com\/watch?v=SsuUu8zd1EY&#8221; align=&#8221;center&#8221; title=&#8221;Turkish Education Foundation&#8221;][\/vc_column][\/vc_row][vc_row][vc_column width=&#8221;1\/3&#8243;][vc_video link=&#8221;https:\/\/www.youtube.com\/watch?v=lSDavpLMTkk&#8221; align=&#8221;center&#8221; title=&#8221;3. \u0130stanbul&#8221;][\/vc_column][vc_column width=&#8221;1\/3&#8243;][vc_video link=&#8221;https:\/\/www.youtube.com\/watch?v=YyqVUL6CKdM&#8221; align=&#8221;center&#8221; title=&#8221;Bal Parmak&#8221;][\/vc_column][vc_column width=&#8221;1\/3&#8243;][vc_video link=&#8221;https:\/\/www.youtube.com\/watch?v=xUHuZ3LizTM&#8221; align=&#8221;center&#8221; title=&#8221;NEF 09&#8243;][\/vc_column][\/vc_row][vc_row][vc_column width=&#8221;1\/3&#8243;][vc_video link=&#8221;https:\/\/www.youtube.com\/watch?v=LbZ8CN1JXoU&#8221; align=&#8221;center&#8221; title=&#8221;\u00c7ekmek\u00f6y Kaymakaml\u0131\u011f\u0131&#8221;][\/vc_column][vc_column width=&#8221;1\/3&#8243;][vc_video link=&#8221;https:\/\/www.youtube.com\/watch?v=0o6FYklMx0w&#8221; align=&#8221;center&#8221; title=&#8221;Abdi \u0130brahim&#8221;][\/vc_column][vc_column width=&#8221;1\/3&#8243;][vc_video link=&#8221;https:\/\/www.youtube.com\/watch?v=KpjYyM0PAJs&#8221; align=&#8221;center&#8221; title=&#8221;\u015eile Villa&#8221;][\/vc_column][\/vc_row][vc_row][vc_column width=&#8221;1\/3&#8243;][vc_video link=&#8221;https:\/\/www.youtube.com\/watch?v=iM7xwwGmnkg&#8221; align=&#8221;center&#8221; title=&#8221;TRIOS&#8221;][\/vc_column][vc_column width=&#8221;1\/3&#8243;][vc_video link=&#8221;https:\/\/www.youtube.com\/watch?v=tgeAUq1NVA0&#8243; align=&#8221;center&#8221; title=&#8221;Trump Towers&#8221;][\/vc_column][vc_column width=&#8221;1\/3&#8243;][vc_video link=&#8221;https:\/\/www.youtube.com\/watch?v=-SDSzVUs00s&#8221; align=&#8221;center&#8221; title=&#8221;Anadolu Agency&#8221;][\/vc_column][\/vc_row][vc_row][vc_column width=&#8221;1\/3&#8243;][vc_video link=&#8221;https:\/\/www.youtube.com\/watch?v=eukAMV2m6Ww&#8221; align=&#8221;center&#8221; title=&#8221;Hayattepe&#8221;][\/vc_column][vc_column width=&#8221;1\/3&#8243;][vc_video link=&#8221;https:\/\/www.youtube.com\/watch?v=bztbGy5o19I&#8221; align=&#8221;center&#8221; title=&#8221;Marincity&#8221;][\/vc_column][vc_column width=&#8221;1\/3&#8243;][vc_video link=&#8221;https:\/\/www.youtube.com\/watch?v=k8zo0ktnlQY&#8221; align=&#8221;center&#8221; title=&#8221;Optimal Centurion&#8221;][\/vc_column][\/vc_row]<\/p>\n<\/section>","protected":false},"excerpt":{"rendered":"<p>[vc_row][vc_column width=&#8221;1\/3&#8243;][vc_video link=&#8221;https:\/\/www.youtube.com\/watch?v=Nemdk_i7NAY&#8221; align=&#8221;center&#8221; title=&#8221;\u0130stanbul Atat\u00fcrk Highschool&#8221;][\/vc_column][vc_column width=&#8221;1\/3&#8243;][vc_video link=&#8221;https:\/\/www.youtube.com\/watch?v=oT47dZQIQuk&amp;t=3s&#8221; align=&#8221;center&#8221; title=&#8221;Aselsan Defence Industry Compound&#8221;][\/vc_column][vc_column width=&#8221;1\/3&#8243;][vc_video link=&#8221;https:\/\/www.youtube.com\/watch?v=FlKaJO7Z_zk&#8221; align=&#8221;center&#8221; title=&#8221;112 Emergency Centre&#8221;][\/vc_column][\/vc_row][vc_row][vc_column width=&#8221;1\/3&#8243;][vc_video link=&#8221;https:\/\/www.youtube.com\/watch?v=9z-hOdwY0FE&#8221; align=&#8221;center&#8221; title=&#8221;Nurettin Teksan Middle School&#8221;][\/vc_column][vc_column width=&#8221;1\/3&#8243;][vc_video link=&#8221;https:\/\/www.youtube.com\/watch?v=uLKIQGbdNMU&#8221; align=&#8221;center&#8221; title=&#8221;Belma G\u00fcde Middle School&#8221;][\/vc_column][vc_column width=&#8221;1\/3&#8243;][vc_video link=&#8221;https:\/\/www.youtube.com\/watch?v=SsuUu8zd1EY&#8221; align=&#8221;center&#8221; title=&#8221;Turkish Education Foundation&#8221;][\/vc_column][\/vc_row][vc_row][vc_column width=&#8221;1\/3&#8243;][vc_video link=&#8221;https:\/\/www.youtube.com\/watch?v=lSDavpLMTkk&#8221; align=&#8221;center&#8221; title=&#8221;3. \u0130stanbul&#8221;][\/vc_column][vc_column width=&#8221;1\/3&#8243;][vc_video link=&#8221;https:\/\/www.youtube.com\/watch?v=YyqVUL6CKdM&#8221; align=&#8221;center&#8221; title=&#8221;Bal Parmak&#8221;][\/vc_column][vc_column width=&#8221;1\/3&#8243;][vc_video link=&#8221;https:\/\/www.youtube.com\/watch?v=xUHuZ3LizTM&#8221; align=&#8221;center&#8221; title=&#8221;NEF 09&#8243;][\/vc_column][\/vc_row][vc_row][vc_column<br \/><a href=\"https:\/\/optimalpmo.com\/en\/videolar\/\" class=\"more\">Read more<\/a><\/p>\n","protected":false},"author":1,"featured_media":0,"parent":0,"menu_order":0,"comment_status":"closed","ping_status":"closed","template":"","meta":{"footnotes":""},"class_list":["post-8921","page","type-page","status-publish","hentry"],"_links":{"self":[{"href":"https:\/\/optimalpmo.com\/en\/wp-json\/wp\/v2\/pages\/8921","targetHints":{"allow":["GET"]}}],"collection":[{"href":"https:\/\/optimalpmo.com\/en\/wp-json\/wp\/v2\/pages"}],"about":[{"href":"https:\/\/optimalpmo.com\/en\/wp-json\/wp\/v2\/types\/page"}],"author":[{"embeddable":true,"href":"https:\/\/optimalpmo.com\/en\/wp-json\/wp\/v2\/users\/1"}],"replies":[{"embeddable":true,"href":"https:\/\/optimalpmo.com\/en\/wp-json\/wp\/v2\/comments?post=8921"}],"version-history":[{"count":14,"href":"https:\/\/optimalpmo.com\/en\/wp-json\/wp\/v2\/pages\/8921\/revisions"}],"predecessor-version":[{"id":9598,"href":"https:\/\/optimalpmo.com\/en\/wp-json\/wp\/v2\/pages\/8921\/revisions\/9598"}],"wp:attachment":[{"href":"https:\/\/optimalpmo.com\/en\/wp-json\/wp\/v2\/media?parent=8921"}],"curies":[{"name":"wp","href":"https:\/\/api.w.org\/{rel}","templated":true}]}}